{"id":10,"date":"2026-01-28T22:29:10","date_gmt":"2026-01-29T01:29:10","guid":{"rendered":"http:\/\/bk.institucional.ws\/?page_id=10"},"modified":"2026-03-31T12:19:05","modified_gmt":"2026-03-31T15:19:05","slug":"home","status":"publish","type":"page","link":"https:\/\/bk.arq.br\/en\/","title":{"rendered":"Home"},"content":{"rendered":"<h1 class=\"wp-block-heading\">Biselli Katchborian<\/h1>","protected":false},"excerpt":{"rendered":"<p>Biselli Katchborian<\/p>","protected":false},"author":1,"featured_media":704,"parent":0,"menu_order":0,"comment_status":"closed","ping_status":"closed","template":"","meta":{"_acf_changed":false,"footnotes":""},"class_list":["post-10","page","type-page","status-publish","has-post-thumbnail","hentry"],"acf":[],"yoast_head":"<!-- This site is optimized with the Yoast SEO plugin v27.4 - https:\/\/yoast.com\/product\/yoast-seo-wordpress\/ -->\n<title>Biselli Katchborian Arquitetos | BK Arquitetura<\/title>\n<meta name=\"description\" content=\"O escrit\u00f3rio Biselli + Katchborian nasce em 1986 das pranchetas da Universidade Presbiteriana Mackenzie. Mario Biselli e Artur Katchborian, desde ent\u00e3o, transitam nas diversas escalas da arquitetura e urbanismo atrav\u00e9s de variados usos: resid\u00eancias, escolas, igrejas, edif\u00edcios comerciais, conjuntos habitacionais e aeroportos s\u00e3o parte do repert\u00f3rio.\" \/>\n<meta name=\"robots\" content=\"index, follow, max-snippet:-1, max-image-preview:large, max-video-preview:-1\" \/>\n<link rel=\"canonical\" href=\"https:\/\/bk.arq.br\/en\/\" \/>\n<meta property=\"og:locale\" content=\"en_US\" \/>\n<meta property=\"og:type\" content=\"article\" \/>\n<meta property=\"og:title\" content=\"Biselli Katchborian Arquitetos | BK Arquitetura\" \/>\n<meta property=\"og:description\" content=\"O escrit\u00f3rio Biselli + Katchborian nasce em 1986 das pranchetas da Universidade Presbiteriana Mackenzie. Mario Biselli e Artur Katchborian, desde ent\u00e3o, transitam nas diversas escalas da arquitetura e urbanismo atrav\u00e9s de variados usos: resid\u00eancias, escolas, igrejas, edif\u00edcios comerciais, conjuntos habitacionais e aeroportos s\u00e3o parte do repert\u00f3rio.\" \/>\n<meta property=\"og:url\" content=\"https:\/\/bk.arq.br\/en\/\" \/>\n<meta property=\"og:site_name\" content=\"Biselli Katchborian\" \/>\n<meta property=\"article:modified_time\" content=\"2026-03-31T15:19:05+00:00\" \/>\n<meta property=\"og:image\" content=\"https:\/\/bk.arq.br\/wp-content\/uploads\/2026\/01\/FRS_41DJI_0162_65-16.jpg\" \/>\n\t<meta property=\"og:image:width\" content=\"878\" \/>\n\t<meta property=\"og:image:height\" content=\"586\" \/>\n\t<meta property=\"og:image:type\" content=\"image\/jpeg\" \/>\n<meta name=\"twitter:card\" content=\"summary_large_image\" \/>\n<meta name=\"twitter:label1\" content=\"Est. reading time\" \/>\n\t<meta name=\"twitter:data1\" content=\"1 minute\" \/>\n<script type=\"application\/ld+json\" class=\"yoast-schema-graph\">{\"@context\":\"https:\\\/\\\/schema.org\",\"@graph\":[{\"@type\":\"WebPage\",\"@id\":\"https:\\\/\\\/bk.arq.br\\\/\",\"url\":\"https:\\\/\\\/bk.arq.br\\\/\",\"name\":\"Biselli Katchborian Arquitetos | BK Arquitetura\",\"isPartOf\":{\"@id\":\"https:\\\/\\\/bk.arq.br\\\/#website\"},\"primaryImageOfPage\":{\"@id\":\"https:\\\/\\\/bk.arq.br\\\/#primaryimage\"},\"image\":{\"@id\":\"https:\\\/\\\/bk.arq.br\\\/#primaryimage\"},\"thumbnailUrl\":\"https:\\\/\\\/bk.arq.br\\\/wp-content\\\/uploads\\\/2026\\\/01\\\/FRS_41DJI_0162_65-16.jpg\",\"datePublished\":\"2026-01-29T01:29:10+00:00\",\"dateModified\":\"2026-03-31T15:19:05+00:00\",\"description\":\"O escrit\u00f3rio Biselli + Katchborian nasce em 1986 das pranchetas da Universidade Presbiteriana Mackenzie. Mario Biselli e Artur Katchborian, desde ent\u00e3o, transitam nas diversas escalas da arquitetura e urbanismo atrav\u00e9s de variados usos: resid\u00eancias, escolas, igrejas, edif\u00edcios comerciais, conjuntos habitacionais e aeroportos s\u00e3o parte do repert\u00f3rio.\",\"breadcrumb\":{\"@id\":\"https:\\\/\\\/bk.arq.br\\\/#breadcrumb\"},\"inLanguage\":\"en-US\",\"potentialAction\":[{\"@type\":\"ReadAction\",\"target\":[\"https:\\\/\\\/bk.arq.br\\\/\"]}]},{\"@type\":\"ImageObject\",\"inLanguage\":\"en-US\",\"@id\":\"https:\\\/\\\/bk.arq.br\\\/#primaryimage\",\"url\":\"https:\\\/\\\/bk.arq.br\\\/wp-content\\\/uploads\\\/2026\\\/01\\\/FRS_41DJI_0162_65-16.jpg\",\"contentUrl\":\"https:\\\/\\\/bk.arq.br\\\/wp-content\\\/uploads\\\/2026\\\/01\\\/FRS_41DJI_0162_65-16.jpg\",\"width\":878,\"height\":586},{\"@type\":\"BreadcrumbList\",\"@id\":\"https:\\\/\\\/bk.arq.br\\\/#breadcrumb\",\"itemListElement\":[{\"@type\":\"ListItem\",\"position\":1,\"name\":\"Home\",\"item\":\"https:\\\/\\\/bk.arq.br\\\/\"},{\"@type\":\"ListItem\",\"position\":2,\"name\":\"Home\"}]},{\"@type\":\"WebSite\",\"@id\":\"https:\\\/\\\/bk.arq.br\\\/#website\",\"url\":\"https:\\\/\\\/bk.arq.br\\\/\",\"name\":\"Biselli Katchborian\",\"description\":\"Escrit\u00f3rio de arquitetura e urbanismo\",\"alternateName\":\"BK\",\"potentialAction\":[{\"@type\":\"SearchAction\",\"target\":{\"@type\":\"EntryPoint\",\"urlTemplate\":\"https:\\\/\\\/bk.arq.br\\\/?s={search_term_string}\"},\"query-input\":{\"@type\":\"PropertyValueSpecification\",\"valueRequired\":true,\"valueName\":\"search_term_string\"}}],\"inLanguage\":\"en-US\"}]}<\/script>\n<!-- \/ Yoast SEO plugin. -->","yoast_head_json":{"title":"Biselli Katchborian Arquitetos | BK Arquitetura","description":"The Biselli + Katchborian office was born in 1986 from the drawing boards of Mackenzie Presbyterian University. Mario Biselli and Artur Katchborian, since then, have transited in the various scales of architecture and urbanism through various uses: residences, schools, churches, commercial buildings, housing complexes and airports are part of the repertoire.","robots":{"index":"index","follow":"follow","max-snippet":"max-snippet:-1","max-image-preview":"max-image-preview:large","max-video-preview":"max-video-preview:-1"},"canonical":"https:\/\/bk.arq.br\/en\/","og_locale":"en_US","og_type":"article","og_title":"Biselli Katchborian Arquitetos | BK Arquitetura","og_description":"O escrit\u00f3rio Biselli + Katchborian nasce em 1986 das pranchetas da Universidade Presbiteriana Mackenzie. Mario Biselli e Artur Katchborian, desde ent\u00e3o, transitam nas diversas escalas da arquitetura e urbanismo atrav\u00e9s de variados usos: resid\u00eancias, escolas, igrejas, edif\u00edcios comerciais, conjuntos habitacionais e aeroportos s\u00e3o parte do repert\u00f3rio.","og_url":"https:\/\/bk.arq.br\/en\/","og_site_name":"Biselli Katchborian","article_modified_time":"2026-03-31T15:19:05+00:00","og_image":[{"width":878,"height":586,"url":"https:\/\/bk.arq.br\/wp-content\/uploads\/2026\/01\/FRS_41DJI_0162_65-16.jpg","type":"image\/jpeg"}],"twitter_card":"summary_large_image","twitter_misc":{"Est. reading time":"1 minute"},"schema":{"@context":"https:\/\/schema.org","@graph":[{"@type":"WebPage","@id":"https:\/\/bk.arq.br\/","url":"https:\/\/bk.arq.br\/","name":"Biselli Katchborian Arquitetos | BK Arquitetura","isPartOf":{"@id":"https:\/\/bk.arq.br\/#website"},"primaryImageOfPage":{"@id":"https:\/\/bk.arq.br\/#primaryimage"},"image":{"@id":"https:\/\/bk.arq.br\/#primaryimage"},"thumbnailUrl":"https:\/\/bk.arq.br\/wp-content\/uploads\/2026\/01\/FRS_41DJI_0162_65-16.jpg","datePublished":"2026-01-29T01:29:10+00:00","dateModified":"2026-03-31T15:19:05+00:00","description":"The Biselli + Katchborian office was born in 1986 from the drawing boards of Mackenzie Presbyterian University. Mario Biselli and Artur Katchborian, since then, have transited in the various scales of architecture and urbanism through various uses: residences, schools, churches, commercial buildings, housing complexes and airports are part of the repertoire.","breadcrumb":{"@id":"https:\/\/bk.arq.br\/#breadcrumb"},"inLanguage":"en-US","potentialAction":[{"@type":"ReadAction","target":["https:\/\/bk.arq.br\/"]}]},{"@type":"ImageObject","inLanguage":"en-US","@id":"https:\/\/bk.arq.br\/#primaryimage","url":"https:\/\/bk.arq.br\/wp-content\/uploads\/2026\/01\/FRS_41DJI_0162_65-16.jpg","contentUrl":"https:\/\/bk.arq.br\/wp-content\/uploads\/2026\/01\/FRS_41DJI_0162_65-16.jpg","width":878,"height":586},{"@type":"BreadcrumbList","@id":"https:\/\/bk.arq.br\/#breadcrumb","itemListElement":[{"@type":"ListItem","position":1,"name":"Home","item":"https:\/\/bk.arq.br\/"},{"@type":"ListItem","position":2,"name":"Home"}]},{"@type":"WebSite","@id":"https:\/\/bk.arq.br\/#website","url":"https:\/\/bk.arq.br\/","name":"Biselli Katchborian","description":"Escrit\u00f3rio de arquitetura e urbanismo","alternateName":"BK","potentialAction":[{"@type":"SearchAction","target":{"@type":"EntryPoint","urlTemplate":"https:\/\/bk.arq.br\/?s={search_term_string}"},"query-input":{"@type":"PropertyValueSpecification","valueRequired":true,"valueName":"search_term_string"}}],"inLanguage":"en-US"}]}},"_links":{"self":[{"href":"https:\/\/bk.arq.br\/en\/wp-json\/wp\/v2\/pages\/10","targetHints":{"allow":["GET"]}}],"collection":[{"href":"https:\/\/bk.arq.br\/en\/wp-json\/wp\/v2\/pages"}],"about":[{"href":"https:\/\/bk.arq.br\/en\/wp-json\/wp\/v2\/types\/page"}],"author":[{"embeddable":true,"href":"https:\/\/bk.arq.br\/en\/wp-json\/wp\/v2\/users\/1"}],"replies":[{"embeddable":true,"href":"https:\/\/bk.arq.br\/en\/wp-json\/wp\/v2\/comments?post=10"}],"version-history":[{"count":32,"href":"https:\/\/bk.arq.br\/en\/wp-json\/wp\/v2\/pages\/10\/revisions"}],"predecessor-version":[{"id":3117,"href":"https:\/\/bk.arq.br\/en\/wp-json\/wp\/v2\/pages\/10\/revisions\/3117"}],"wp:featuredmedia":[{"embeddable":true,"href":"https:\/\/bk.arq.br\/en\/wp-json\/wp\/v2\/media\/704"}],"wp:attachment":[{"href":"https:\/\/bk.arq.br\/en\/wp-json\/wp\/v2\/media?parent=10"}],"curies":[{"name":"wp","href":"https:\/\/api.w.org\/{rel}","templated":true}]}}